{"id":69,"date":"2026-03-04T16:52:29","date_gmt":"2026-03-04T16:52:29","guid":{"rendered":"https:\/\/biitsae.de\/ueber\/"},"modified":"2026-04-02T16:07:38","modified_gmt":"2026-04-02T14:07:38","slug":"ueber","status":"publish","type":"page","link":"https:\/\/biitsae.de\/en\/ueber\/","title":{"rendered":"\u00dcber"},"content":{"rendered":"<div class=\"wp-block-group alignfull is-style-ext-preset--group--natural-1--section has-background-background-color has-background has-global-padding is-layout-constrained wp-container-core-group-is-layout-843e5a6d wp-block-group-is-layout-constrained\" id=\"ueber-uns\" style=\"margin-top:0;margin-bottom:0;padding-top:var(--wp--preset--spacing--70);padding-bottom:var(--wp--preset--spacing--70)\">\n<h2 class=\"wp-block-heading has-text-align-center ext-animate--on\">Professionelle IT-L\u00f6sungen f\u00fcr kleine Betriebe<\/h2>\n\n\n\n<p class=\"has-text-align-center ext-animate--on\" style=\"margin-top:1.5rem\">BiITs &amp; Engineering steht f\u00fcr ma\u00dfgeschneiderte IT-Services, die kleinen Unternehmen und Privatkunden in Ravensburg und Umgebung innovative digitale L\u00f6sungen bieten. Unsere Vision ist es, technologische Herausforderungen einfach und effizient zu meistern und damit nachhaltigen Erfolg zu erm\u00f6glichen.<\/p>\n\n\n\n<figure class=\"wp-block-image size-large is-style-ext-preset-image-natural-1-image-1--content-any is-style-ext-preset--image--natural-1--image-1--content-any ext-animate--on is-style-ext-preset--image--natural-1--image-1--content-any--2\"><img loading=\"lazy\" decoding=\"async\" width=\"683\" height=\"1024\" src=\"https:\/\/biitsae.de\/wp-content\/uploads\/2026\/03\/laptop-computer-with-halfopen-screen-dark-background-copy-space-683x1024.jpg\" alt=\"\" class=\"wp-image-177\" style=\"aspect-ratio:16\/9;object-fit:cover\" srcset=\"https:\/\/biitsae.de\/wp-content\/uploads\/2026\/03\/laptop-computer-with-halfopen-screen-dark-background-copy-space-683x1024.jpg 683w, https:\/\/biitsae.de\/wp-content\/uploads\/2026\/03\/laptop-computer-with-halfopen-screen-dark-background-copy-space-200x300.jpg 200w, https:\/\/biitsae.de\/wp-content\/uploads\/2026\/03\/laptop-computer-with-halfopen-screen-dark-background-copy-space-768x1152.jpg 768w, https:\/\/biitsae.de\/wp-content\/uploads\/2026\/03\/laptop-computer-with-halfopen-screen-dark-background-copy-space-1024x1536.jpg 1024w, https:\/\/biitsae.de\/wp-content\/uploads\/2026\/03\/laptop-computer-with-halfopen-screen-dark-background-copy-space-1365x2048.jpg 1365w, https:\/\/biitsae.de\/wp-content\/uploads\/2026\/03\/laptop-computer-with-halfopen-screen-dark-background-copy-space-8x12.jpg 8w, https:\/\/biitsae.de\/wp-content\/uploads\/2026\/03\/laptop-computer-with-halfopen-screen-dark-background-copy-space-scaled.jpg 1707w\" sizes=\"auto, (max-width: 683px) 100vw, 683px\" \/><figcaption class=\"wp-element-caption\">A laptop computer with a half-open screen on a dark background. Copy space. High quality photo. Modern laptop.<\/figcaption><\/figure>\n<\/div>\n\n\n\n<div class=\"wp-block-group alignfull is-style-ext-preset--group--natural-1--section has-tertiary-background-color has-background has-global-padding is-layout-constrained wp-container-core-group-is-layout-e955bbaf wp-block-group-is-layout-constrained\" id=\"team\" style=\"margin-top:0;margin-bottom:0;padding-top:var(--wp--preset--spacing--70);padding-bottom:var(--wp--preset--spacing--70)\">\n<div class=\"wp-block-group alignwide ext-is-logical-start has-global-padding is-content-justification-left is-layout-constrained wp-container-core-group-is-layout-20186816 wp-block-group-is-layout-constrained\">\n<h2 class=\"wp-block-heading ext-animate--on\">Ma\u00dfgeschneiderte IT-Services f\u00fcr kleine Unternehmen<\/h2>\n\n\n\n<p class=\"ext-animate--on\">Lernen Sie uns kennen&#8230;<\/p>\n<\/div>\n\n\n\n<div class=\"wp-block-columns alignwide is-layout-flex wp-container-core-columns-is-layout-08c01c1c wp-block-columns-is-layout-flex\">\n<div class=\"wp-block-column is-vertically-aligned-stretch ext-animate--on is-layout-flow wp-block-column-is-layout-flow\">\n<div class=\"wp-block-group is-style-ext-preset--group--natural-1--item-card-1--align-start has-global-padding is-layout-constrained wp-block-group-is-layout-constrained is-style-ext-preset--group--natural-1--item-card-1--align-start--4\">\n<div class=\"wp-block-group is-style-default has-global-padding is-layout-constrained wp-block-group-is-layout-constrained\">\n<h3 class=\"wp-block-heading\" style=\"font-size:clamp(14px, 0.875rem + ((1vw - 3.2px) * 0.625), 20px);\">Ferdinand Braun<\/h3>\n\n\n\n<p style=\"margin-top:0;margin-bottom:0;font-size:clamp(14px, 0.875rem + ((1vw - 3.2px) * 0.417), 18px);\">IT-Systems Engineer<\/p>\n\n\n\n<p><\/p>\n<\/div>\n<\/div>\n<\/div>\n\n\n\n<div class=\"wp-block-column is-vertically-aligned-stretch ext-animate--on is-layout-flow wp-block-column-is-layout-flow\">\n<div class=\"wp-block-group is-style-ext-preset--group--natural-1--item-card-1--align-start has-global-padding is-layout-constrained wp-block-group-is-layout-constrained is-style-ext-preset--group--natural-1--item-card-1--align-start--5\">\n<div class=\"wp-block-group is-style-default has-global-padding is-layout-constrained wp-block-group-is-layout-constrained\">\n<p style=\"font-size:clamp(14px, 0.875rem + ((1vw - 3.2px) * 0.625), 20px);\"><strong>Pawandeep Singh<\/strong><\/p>\n\n\n\n<p class=\"ext-animate--on\" style=\"margin-top:0;margin-bottom:0;font-size:clamp(14px, 0.875rem + ((1vw - 3.2px) * 0.417), 18px);\">IT-Systemadministrator<\/p>\n\n\n\n<p><\/p>\n<\/div>\n<\/div>\n<\/div>\n<\/div>\n<\/div>","protected":false},"excerpt":{"rendered":"<p>Professionelle IT-L\u00f6sungen f\u00fcr kleine Betriebe BiITs &amp; Engineering steht f\u00fcr ma\u00dfgeschneiderte IT-Services, die kleinen Unternehmen und Privatkunden in Ravensburg und Umgebung innovative digitale L\u00f6sungen bieten. Unsere Vision ist es, technologische Herausforderungen einfach und effizient zu meistern und damit nachhaltigen Erfolg zu erm\u00f6glichen. Ma\u00dfgeschneiderte IT-Services f\u00fcr kleine Unternehmen Lernen Sie uns kennen&#8230; Ferdinand Braun IT-Systems Engineer [&hellip;]<\/p>\n","protected":false},"author":1,"featured_media":0,"parent":0,"menu_order":0,"comment_status":"closed","ping_status":"closed","template":"page-with-title","meta":{"footnotes":""},"class_list":["post-69","page","type-page","status-publish","hentry"],"_links":{"self":[{"href":"https:\/\/biitsae.de\/en\/wp-json\/wp\/v2\/pages\/69","targetHints":{"allow":["GET"]}}],"collection":[{"href":"https:\/\/biitsae.de\/en\/wp-json\/wp\/v2\/pages"}],"about":[{"href":"https:\/\/biitsae.de\/en\/wp-json\/wp\/v2\/types\/page"}],"author":[{"embeddable":true,"href":"https:\/\/biitsae.de\/en\/wp-json\/wp\/v2\/users\/1"}],"replies":[{"embeddable":true,"href":"https:\/\/biitsae.de\/en\/wp-json\/wp\/v2\/comments?post=69"}],"version-history":[{"count":3,"href":"https:\/\/biitsae.de\/en\/wp-json\/wp\/v2\/pages\/69\/revisions"}],"predecessor-version":[{"id":213,"href":"https:\/\/biitsae.de\/en\/wp-json\/wp\/v2\/pages\/69\/revisions\/213"}],"wp:attachment":[{"href":"https:\/\/biitsae.de\/en\/wp-json\/wp\/v2\/media?parent=69"}],"curies":[{"name":"wp","href":"https:\/\/api.w.org\/{rel}","templated":true}]}}